{"id":108,"date":"2023-10-30T15:54:07","date_gmt":"2023-10-30T15:54:07","guid":{"rendered":"https:\/\/soworka.de\/?page_id=108"},"modified":"2023-10-30T15:54:07","modified_gmt":"2023-10-30T15:54:07","slug":"kaschieren","status":"publish","type":"page","link":"https:\/\/soworka.de\/?page_id=108","title":{"rendered":"Kaschieren"},"content":{"rendered":"\n<h5 class=\"wp-block-heading\">Kaschieren &amp; Kaltlaminieren bis 1,20m Breite<\/h5>\n\n\n\n<p>Werbemittel im Au\u00dfeneinsatz sind Wind &amp; Wetter ausgesetzt. Hierbei bietet das Kaschieren eine M\u00f6glichkeit, Ihre Werbeprodukte zu versiegeln und sie somit von den \u00c4u\u00dferen Einfl\u00fcssen wie N\u00e4sse oder Sonneneinstrahlung (Verblassen) zu sch\u00fctzen. Zudem wertet ein Laminat die Qualit\u00e4t eines Produktes weiter auf und erh\u00f6ht die Haltbarkeit.<\/p>\n\n\n\n<ul>\n<li>Versiegelung<\/li>\n\n\n\n<li>Veredelung von Werbemitteln<\/li>\n\n\n\n<li>Aufziehen von Fotos und Bildern<\/li>\n\n\n\n<li>Kaschieren mit Acrylglas<\/li>\n<\/ul>\n\n\n\n<p>Durch den flexiblen Aufbau unseres Kaltlaminierger\u00e4tes k\u00f6nnen wir auch Schilder versiegeln. Hierbei ist auch ein Kaschieren hinter Acrylglas m\u00f6glich.<\/p>\n","protected":false},"excerpt":{"rendered":"<p>Kaschieren &amp; Kaltlaminieren bis 1,20m Breite Werbemittel im Au\u00dfeneinsatz sind Wind &amp; Wetter ausgesetzt. Hierbei bietet das Kaschieren eine M\u00f6glichkeit, Ihre Werbeprodukte zu versiegeln und sie somit von den \u00c4u\u00dferen Einfl\u00fcssen wie N\u00e4sse oder Sonneneinstrahlung (Verblassen) zu sch\u00fctzen. Zudem wertet ein Laminat die Qualit\u00e4t eines Produktes weiter auf und erh\u00f6ht die Haltbarkeit. Durch den flexiblen &hellip; <a href=\"https:\/\/soworka.de\/?page_id=108\" class=\"more-link\"><span class=\"screen-reader-text\">\u201eKaschieren\u201c<\/span> weiterlesen<\/a><\/p>\n","protected":false},"author":1,"featured_media":0,"parent":0,"menu_order":0,"comment_status":"closed","ping_status":"closed","template":"","meta":{"footnotes":""},"_links":{"self":[{"href":"https:\/\/soworka.de\/index.php?rest_route=\/wp\/v2\/pages\/108"}],"collection":[{"href":"https:\/\/soworka.de\/index.php?rest_route=\/wp\/v2\/pages"}],"about":[{"href":"https:\/\/soworka.de\/index.php?rest_route=\/wp\/v2\/types\/page"}],"author":[{"embeddable":true,"href":"https:\/\/soworka.de\/index.php?rest_route=\/wp\/v2\/users\/1"}],"replies":[{"embeddable":true,"href":"https:\/\/soworka.de\/index.php?rest_route=%2Fwp%2Fv2%2Fcomments&post=108"}],"version-history":[{"count":1,"href":"https:\/\/soworka.de\/index.php?rest_route=\/wp\/v2\/pages\/108\/revisions"}],"predecessor-version":[{"id":109,"href":"https:\/\/soworka.de\/index.php?rest_route=\/wp\/v2\/pages\/108\/revisions\/109"}],"wp:attachment":[{"href":"https:\/\/soworka.de\/index.php?rest_route=%2Fwp%2Fv2%2Fmedia&parent=108"}],"curies":[{"name":"wp","href":"https:\/\/api.w.org\/{rel}","templated":true}]}}