{"id":11,"date":"2023-07-13T10:33:34","date_gmt":"2023-07-13T10:33:34","guid":{"rendered":"https:\/\/soworka.de\/?page_id=11"},"modified":"2024-05-21T07:01:02","modified_gmt":"2024-05-21T07:01:02","slug":"soworka","status":"publish","type":"page","link":"https:\/\/soworka.de\/","title":{"rendered":"B\u00fcrosysteme Soworka"},"content":{"rendered":"\n<p class=\"has-secondary-color has-text-color\">Herzlich Willkommen<br><br>Wir sind Ihr Ansprechspartner f\u00fcr Multifunktionssysteme, <\/p>\n\n\n\n<p class=\"has-secondary-color has-text-color\"><strong>Drucker, Kopierer &amp; Faxger\u00e4te aus \u00dcbach-Palenberg.<\/strong><\/p>\n\n\n\n<h3 class=\"wp-block-heading\">Aktuelle Angebote<\/h3>\n\n\n<ul class=\"wp-block-latest-posts__list is-grid columns-3 wp-block-latest-posts\"><li><div class=\"wp-block-latest-posts__featured-image aligncenter\"><img loading=\"lazy\" width=\"150\" height=\"150\" src=\"https:\/\/soworka.de\/wp-content\/uploads\/2023\/10\/ricoh_301spf-150x150.jpg\" class=\"attachment-thumbnail size-thumbnail wp-post-image\" alt=\"RICOH 301 SPF\" decoding=\"async\" style=\"\" \/><\/div><a class=\"wp-block-latest-posts__post-title\" href=\"https:\/\/soworka.de\/?p=132\">Ricoh Aficio MP 301 SPF Mono MF<\/a><div class=\"wp-block-latest-posts__post-excerpt\">Gebrauchtsystem 450,00\u20ac inkl. MwSt. Multifunktionsdrucker Kopierer, Drucker, Scanner und Fax \u00a0\u2026 <a href=\"https:\/\/soworka.de\/?p=132\" rel=\"noopener noreferrer\">Weiterlesen<\/a><\/div><\/li>\n<li><div class=\"wp-block-latest-posts__featured-image aligncenter\"><img loading=\"lazy\" width=\"150\" height=\"150\" src=\"https:\/\/soworka.de\/wp-content\/uploads\/2023\/10\/SHARP-MX-C301W-150x150.jpg\" class=\"attachment-thumbnail size-thumbnail wp-post-image\" alt=\"SHARP-MX-C301W\" decoding=\"async\" style=\"\" srcset=\"https:\/\/soworka.de\/wp-content\/uploads\/2023\/10\/SHARP-MX-C301W-150x150.jpg 150w, https:\/\/soworka.de\/wp-content\/uploads\/2023\/10\/SHARP-MX-C301W-300x300.jpg 300w, https:\/\/soworka.de\/wp-content\/uploads\/2023\/10\/SHARP-MX-C301W.jpg 600w\" sizes=\"(max-width: 150px) 85vw, 150px\" \/><\/div><a class=\"wp-block-latest-posts__post-title\" href=\"https:\/\/soworka.de\/?p=129\">SHARP MX 301W Farbe MF<\/a><div class=\"wp-block-latest-posts__post-excerpt\">Gebrauchtsystem 535,50\u20ac inkl. MwSt. Multifunktionsdrucker Farbe A4 Scannen, Kopieren und \u00a0\u2026 <a href=\"https:\/\/soworka.de\/?p=129\" rel=\"noopener noreferrer\">Weiterlesen<\/a><\/div><\/li>\n<\/ul>\n\n\n<p>Die B\u00fcrosysteme Soworka wurde im Jahr 1999 von Werner Soworka in \u00dcbach-Palenberg gegr\u00fcndet. Der Gesch\u00e4ftsf\u00fchrer war zuvor 10 Jahre als Techniker f\u00fcr diverse Firmen in Druck- und Kopiertechnik t\u00e4tig.<\/p>\n\n\n\n<p>Unser Gesch\u00e4ftsbereich umfasst:<\/p>\n\n\n\n<ul>\n<li><strong>Vertrieb von Multifunktionssystemen zum Drucken, Kopierern, Scannen und<\/strong> <strong>Plotten<\/strong><\/li>\n\n\n\n<li><strong>Verkauf von Neu- und Gebrauchtger\u00e4ten<\/strong><\/li>\n\n\n\n<li><strong>Leasing, Vermietung<\/strong><\/li>\n\n\n\n<li><strong>Techniksupport, IT-Support<\/strong><\/li>\n<\/ul>\n\n\n\n<p>Die B\u00fcrosysteme Soworka verbindet 30 Jahre Branchenerfahrung in der Kundenbetreuung und Dienstleistungen rund um Ihr Kopier- und Drucksystem. Zus\u00e4tzlich zur Anlieferung und Einrichtung Ihres Kopierger\u00e4tes unterst\u00fctzen wir Sie bei der Einbindung in Ihr Netzwerk. Unsere innovativen, digitalen Ablage- und Scanl\u00f6sungen erleichtern Ihnen das Dokumentenmanagement.<\/p>\n","protected":false},"excerpt":{"rendered":"<p>Herzlich Willkommen Wir sind Ihr Ansprechspartner f\u00fcr Multifunktionssysteme, Drucker, Kopierer &amp; Faxger\u00e4te aus \u00dcbach-Palenberg. Aktuelle Angebote Die B\u00fcrosysteme Soworka wurde im Jahr 1999 von Werner Soworka in \u00dcbach-Palenberg gegr\u00fcndet. Der Gesch\u00e4ftsf\u00fchrer war zuvor 10 Jahre als Techniker f\u00fcr diverse Firmen in Druck- und Kopiertechnik t\u00e4tig. Unser Gesch\u00e4ftsbereich umfasst: Die B\u00fcrosysteme Soworka verbindet 30 Jahre Branchenerfahrung \u00a0\u2026 <a href=\"https:\/\/soworka.de\/\" rel=\"noopener noreferrer\">Weiterlesen<\/a><\/p>\n","protected":false},"author":1,"featured_media":0,"parent":0,"menu_order":0,"comment_status":"closed","ping_status":"closed","template":"","meta":{"footnotes":""},"_links":{"self":[{"href":"https:\/\/soworka.de\/index.php?rest_route=\/wp\/v2\/pages\/11"}],"collection":[{"href":"https:\/\/soworka.de\/index.php?rest_route=\/wp\/v2\/pages"}],"about":[{"href":"https:\/\/soworka.de\/index.php?rest_route=\/wp\/v2\/types\/page"}],"author":[{"embeddable":true,"href":"https:\/\/soworka.de\/index.php?rest_route=\/wp\/v2\/users\/1"}],"replies":[{"embeddable":true,"href":"https:\/\/soworka.de\/index.php?rest_route=%2Fwp%2Fv2%2Fcomments&post=11"}],"version-history":[{"count":11,"href":"https:\/\/soworka.de\/index.php?rest_route=\/wp\/v2\/pages\/11\/revisions"}],"predecessor-version":[{"id":205,"href":"https:\/\/soworka.de\/index.php?rest_route=\/wp\/v2\/pages\/11\/revisions\/205"}],"wp:attachment":[{"href":"https:\/\/soworka.de\/index.php?rest_route=%2Fwp%2Fv2%2Fmedia&parent=11"}],"curies":[{"name":"wp","href":"https:\/\/api.w.org\/{rel}","templated":true}]}}