{"id":110,"date":"2023-10-30T15:55:34","date_gmt":"2023-10-30T15:55:34","guid":{"rendered":"https:\/\/soworka.de\/?page_id=110"},"modified":"2023-10-30T15:55:34","modified_gmt":"2023-10-30T15:55:34","slug":"aufsteller-rollups","status":"publish","type":"page","link":"https:\/\/soworka.de\/?page_id=110","title":{"rendered":"Aufsteller &amp; Rollups"},"content":{"rendered":"\n<ul>\n<li>Klassiker der Werbesysteme<\/li>\n\n\n\n<li>F\u00fcr Innen- &amp; Au\u00dfengebrauch geeignet<\/li>\n\n\n\n<li>Motive k\u00f6nnen flexibel ausgetauscht werden<\/li>\n\n\n\n<li>Auff\u00e4llige Werbemethode<\/li>\n\n\n\n<li>Alu-Schnellwechselrahmen<\/li>\n\n\n\n<li>Inkl. Wetterfesten Schutzfolie<\/li>\n\n\n\n<li>Roll-Up Systeme inkl. Druck<\/li>\n\n\n\n<li>Professionell \/ Auff\u00e4llig und Aussagekr\u00e4ftig<\/li>\n\n\n\n<li>Inklusive handlicher Transporttasche<\/li>\n\n\n\n<li>Schneller und einfacher Bannerwechsel<\/li>\n\n\n\n<li>Leichtes Gewicht \u2013 trotzdem Stabil<\/li>\n\n\n\n<li>Kassetten-Geh\u00e4use aus Aluminium<\/li>\n\n\n\n<li>G\u00fcnstig, transportierbar, bieten eine gro\u00dfe Werbefl\u00e4che<\/li>\n<\/ul>\n","protected":false},"excerpt":{"rendered":"","protected":false},"author":1,"featured_media":0,"parent":0,"menu_order":0,"comment_status":"closed","ping_status":"closed","template":"","meta":{"footnotes":""},"_links":{"self":[{"href":"https:\/\/soworka.de\/index.php?rest_route=\/wp\/v2\/pages\/110"}],"collection":[{"href":"https:\/\/soworka.de\/index.php?rest_route=\/wp\/v2\/pages"}],"about":[{"href":"https:\/\/soworka.de\/index.php?rest_route=\/wp\/v2\/types\/page"}],"author":[{"embeddable":true,"href":"https:\/\/soworka.de\/index.php?rest_route=\/wp\/v2\/users\/1"}],"replies":[{"embeddable":true,"href":"https:\/\/soworka.de\/index.php?rest_route=%2Fwp%2Fv2%2Fcomments&post=110"}],"version-history":[{"count":1,"href":"https:\/\/soworka.de\/index.php?rest_route=\/wp\/v2\/pages\/110\/revisions"}],"predecessor-version":[{"id":111,"href":"https:\/\/soworka.de\/index.php?rest_route=\/wp\/v2\/pages\/110\/revisions\/111"}],"wp:attachment":[{"href":"https:\/\/soworka.de\/index.php?rest_route=%2Fwp%2Fv2%2Fmedia&parent=110"}],"curies":[{"name":"wp","href":"https:\/\/api.w.org\/{rel}","templated":true}]}}