{"id":114,"date":"2023-10-30T16:00:56","date_gmt":"2023-10-30T16:00:56","guid":{"rendered":"https:\/\/soworka.de\/?page_id=114"},"modified":"2023-10-30T16:00:56","modified_gmt":"2023-10-30T16:00:56","slug":"beschriften-bedrucken","status":"publish","type":"page","link":"https:\/\/soworka.de\/?page_id=114","title":{"rendered":"Beschriften &#038; Bedrucken"},"content":{"rendered":"\n<h6 class=\"wp-block-heading\">ROLAND TrueVIS VG-540 Gro\u00dfformatplotter<\/h6>\n\n\n\n<p>Moderne Werbesysteme sind f\u00fcr erfolgreiche Unternehmen heutzutage nicht mehr wegzudenken. Denn jedes Produkt braucht auch ein gutes Werbemittel. Bei uns finden Sie aktuelle Werbesysteme f\u00fcr den Innen- sowie Au\u00dfenbereich.<\/p>\n\n\n\n<p>Copy-Service Soworka ist schon seit vielen Jahren der Ansprechpartner f\u00fcr Digitaldrucke &amp; Folienbeschriftungen aller Art in der Region um \u00dcbach-Palenberg. Wir sind Ihr Spezialist f\u00fcr Schilder und Fahrzeugbeklebungen. Vom Entwurf der Grafik, bis hin zum Druck und Bekleben bieten wir Ihnen einen kompetenten Partner.<\/p>\n\n\n\n<ul>\n<li>Au\u00dfenwerbung<\/li>\n\n\n\n<li>Fenstergrafiken<\/li>\n\n\n\n<li>Bannerdruck<\/li>\n\n\n\n<li>Berufsbekleidung<\/li>\n\n\n\n<li>Plakate<\/li>\n\n\n\n<li>Sticker \/ Aufkleber<\/li>\n\n\n\n<li>Displaysysteme<\/li>\n<\/ul>\n\n\n\n<h5 class=\"wp-block-heading\">Fahrzeugbeschriftung<\/h5>\n\n\n\n<p>Mit unseren Werbemethoden k\u00f6nnen wir mobile Werbung f\u00fcr Ihr Unternehmen erm\u00f6glichen und Ihr Fahrzeug somit zu Ihrer pers\u00f6nlichen Visitenkarte machen. Lassen Sie sich vor Ort beraten, wir bieten Ihnen eine gro\u00dfe Palette an M\u00f6glichkeiten, Ihren Werbewunsch zu erf\u00fcllen. Dank unserer langj\u00e4hrigen Erfahrung k\u00f6nnen wir Sie gerne bez\u00fcglich der M\u00f6glichkeiten beraten.<\/p>\n\n\n\n<figure class=\"wp-block-image size-full\"><img decoding=\"async\" loading=\"lazy\" width=\"300\" height=\"45\" src=\"https:\/\/soworka.de\/wp-content\/uploads\/2023\/10\/roland-300x45-1.png\" alt=\"\" class=\"wp-image-115\"\/><\/figure>\n","protected":false},"excerpt":{"rendered":"<p>ROLAND TrueVIS VG-540 Gro\u00dfformatplotter Moderne Werbesysteme sind f\u00fcr erfolgreiche Unternehmen heutzutage nicht mehr wegzudenken. Denn jedes Produkt braucht auch ein gutes Werbemittel. Bei uns finden Sie aktuelle Werbesysteme f\u00fcr den Innen- sowie Au\u00dfenbereich. Copy-Service Soworka ist schon seit vielen Jahren der Ansprechpartner f\u00fcr Digitaldrucke &amp; Folienbeschriftungen aller Art in der Region um \u00dcbach-Palenberg. Wir sind &hellip; <a href=\"https:\/\/soworka.de\/?page_id=114\" class=\"more-link\"><span class=\"screen-reader-text\">\u201eBeschriften &#038; Bedrucken\u201c<\/span> weiterlesen<\/a><\/p>\n","protected":false},"author":1,"featured_media":0,"parent":0,"menu_order":0,"comment_status":"closed","ping_status":"closed","template":"","meta":{"footnotes":""},"_links":{"self":[{"href":"https:\/\/soworka.de\/index.php?rest_route=\/wp\/v2\/pages\/114"}],"collection":[{"href":"https:\/\/soworka.de\/index.php?rest_route=\/wp\/v2\/pages"}],"about":[{"href":"https:\/\/soworka.de\/index.php?rest_route=\/wp\/v2\/types\/page"}],"author":[{"embeddable":true,"href":"https:\/\/soworka.de\/index.php?rest_route=\/wp\/v2\/users\/1"}],"replies":[{"embeddable":true,"href":"https:\/\/soworka.de\/index.php?rest_route=%2Fwp%2Fv2%2Fcomments&post=114"}],"version-history":[{"count":1,"href":"https:\/\/soworka.de\/index.php?rest_route=\/wp\/v2\/pages\/114\/revisions"}],"predecessor-version":[{"id":116,"href":"https:\/\/soworka.de\/index.php?rest_route=\/wp\/v2\/pages\/114\/revisions\/116"}],"wp:attachment":[{"href":"https:\/\/soworka.de\/index.php?rest_route=%2Fwp%2Fv2%2Fmedia&parent=114"}],"curies":[{"name":"wp","href":"https:\/\/api.w.org\/{rel}","templated":true}]}}