{"id":64,"date":"2023-10-30T15:09:19","date_gmt":"2023-10-30T15:09:19","guid":{"rendered":"https:\/\/soworka.de\/?page_id=64"},"modified":"2023-12-19T07:10:41","modified_gmt":"2023-12-19T07:10:41","slug":"laminierung","status":"publish","type":"page","link":"https:\/\/soworka.de\/?page_id=64","title":{"rendered":"Laminierung"},"content":{"rendered":"\n<h5 class=\"wp-block-heading\">Laminate<\/h5>\n\n\n\n<p>Hei\u00dflaminate von DIN-A6 bis DIN-A1Gro\u00dfe Auswahl an Laminierfolien<br>von 80 Mikron bis 250 Mikron ( Wetterfest )<br>Wir laminieren Ihre Medien direkt vor Ort.<br>Durch ein Schutzlaminat k\u00f6nnen sie Ihre Druckprodukte nicht nur optisch aufwerten, sondern auch die Langlebigkeit und Qualit\u00e4t Ihrer Druckerzeugnisse steigern.<\/p>\n\n\n\n<ul>\n<li>Farb- und Kontrastverbesserungen<\/li>\n\n\n\n<li>Verst\u00e4rkung der Farbintensit\u00e4t<\/li>\n\n\n\n<li>Schutz vor Feuchtigkeit<\/li>\n\n\n\n<li>Schutz vor Abrieb und Kratzern<\/li>\n<\/ul>\n\n\n\n<figure class=\"wp-block-image size-full\"><img decoding=\"async\" loading=\"lazy\" width=\"1024\" height=\"683\" src=\"https:\/\/soworka.de\/wp-content\/uploads\/2023\/12\/Laminierung.jpeg\" alt=\"Soworka - Laminierung\" class=\"wp-image-165\" srcset=\"https:\/\/soworka.de\/wp-content\/uploads\/2023\/12\/Laminierung.jpeg 1024w, https:\/\/soworka.de\/wp-content\/uploads\/2023\/12\/Laminierung-300x200.jpeg 300w, https:\/\/soworka.de\/wp-content\/uploads\/2023\/12\/Laminierung-768x512.jpeg 768w\" sizes=\"(max-width: 709px) 85vw, (max-width: 909px) 67vw, (max-width: 1362px) 62vw, 840px\" \/><figcaption class=\"wp-element-caption\">Soworka &#8211; Laminierung<\/figcaption><\/figure>\n\n\n\n<h5 class=\"wp-block-heading\">Oberfl\u00e4chenveredelung<\/h5>\n\n\n\n<p>Wir bieten Ihnen eine gro\u00dfe Palette an verschiedenen Veredelungsmethoden:<\/p>\n\n\n\n<ul>\n<li>Wir laminieren bis inkl. DIN-A1 (maximale Breite: 594mm \/ maximale L\u00e4nge: beliebig)<\/li>\n\n\n\n<li>Folienst\u00e4rken 75Mic \u2013 175Mic<\/li>\n\n\n\n<li>Matt &amp; gl\u00e4nzende Laminate<\/li>\n\n\n\n<li>Visitenkarten<\/li>\n\n\n\n<li>Schilder ( zu Vermieten )<\/li>\n\n\n\n<li>Bauschilder \u2013 Plene<\/li>\n\n\n\n<li>Platzset<\/li>\n\n\n\n<li>kleinere Auftr\u00e4ge k\u00f6nnen sofort vor Ort angefertigt werden<\/li>\n<\/ul>\n","protected":false},"excerpt":{"rendered":"<p>Laminate Hei\u00dflaminate von DIN-A6 bis DIN-A1Gro\u00dfe Auswahl an Laminierfolienvon 80 Mikron bis 250 Mikron ( Wetterfest )Wir laminieren Ihre Medien direkt vor Ort.Durch ein Schutzlaminat k\u00f6nnen sie Ihre Druckprodukte nicht nur optisch aufwerten, sondern auch die Langlebigkeit und Qualit\u00e4t Ihrer Druckerzeugnisse steigern. Oberfl\u00e4chenveredelung Wir bieten Ihnen eine gro\u00dfe Palette an verschiedenen Veredelungsmethoden:<\/p>\n","protected":false},"author":1,"featured_media":0,"parent":0,"menu_order":0,"comment_status":"closed","ping_status":"closed","template":"","meta":{"footnotes":""},"_links":{"self":[{"href":"https:\/\/soworka.de\/index.php?rest_route=\/wp\/v2\/pages\/64"}],"collection":[{"href":"https:\/\/soworka.de\/index.php?rest_route=\/wp\/v2\/pages"}],"about":[{"href":"https:\/\/soworka.de\/index.php?rest_route=\/wp\/v2\/types\/page"}],"author":[{"embeddable":true,"href":"https:\/\/soworka.de\/index.php?rest_route=\/wp\/v2\/users\/1"}],"replies":[{"embeddable":true,"href":"https:\/\/soworka.de\/index.php?rest_route=%2Fwp%2Fv2%2Fcomments&post=64"}],"version-history":[{"count":2,"href":"https:\/\/soworka.de\/index.php?rest_route=\/wp\/v2\/pages\/64\/revisions"}],"predecessor-version":[{"id":166,"href":"https:\/\/soworka.de\/index.php?rest_route=\/wp\/v2\/pages\/64\/revisions\/166"}],"wp:attachment":[{"href":"https:\/\/soworka.de\/index.php?rest_route=%2Fwp%2Fv2%2Fmedia&parent=64"}],"curies":[{"name":"wp","href":"https:\/\/api.w.org\/{rel}","templated":true}]}}