{"id":68,"date":"2023-10-30T15:14:47","date_gmt":"2023-10-30T15:14:47","guid":{"rendered":"https:\/\/soworka.de\/?page_id=68"},"modified":"2023-12-19T07:08:26","modified_gmt":"2023-12-19T07:08:26","slug":"bindungen","status":"publish","type":"page","link":"https:\/\/soworka.de\/?page_id=68","title":{"rendered":"Bindungen"},"content":{"rendered":"\n<figure class=\"wp-block-image size-full\"><img decoding=\"async\" loading=\"lazy\" width=\"1024\" height=\"809\" src=\"https:\/\/soworka.de\/wp-content\/uploads\/2023\/12\/Bindungen.jpeg\" alt=\"Soworka - Bindungen\" class=\"wp-image-161\" srcset=\"https:\/\/soworka.de\/wp-content\/uploads\/2023\/12\/Bindungen.jpeg 1024w, https:\/\/soworka.de\/wp-content\/uploads\/2023\/12\/Bindungen-300x237.jpeg 300w, https:\/\/soworka.de\/wp-content\/uploads\/2023\/12\/Bindungen-768x607.jpeg 768w\" sizes=\"(max-width: 709px) 85vw, (max-width: 909px) 67vw, (max-width: 1362px) 62vw, 840px\" \/><figcaption class=\"wp-element-caption\">Soworka &#8211; Bindungen<\/figcaption><\/figure>\n\n\n\n<h5 class=\"wp-block-heading\">SCHNELL UND EINFACH: HEFTEN, LOCHEN UND KLEMMEN.<\/h5>\n\n\n\n<p>Wir bieten zahlreiche Bindungsarten an, mit denen Sie ein \u201eordentliches\u201c Produkt erstellen k\u00f6nnen. Schnell und einfach: heften, lochen und klemmen.<br>F\u00fcr Papierformate DIN A4 | DIN A3<\/p>\n\n\n\n<h5 class=\"wp-block-heading\">KOMPLEXER: DIE BROSCH\u00dcRENBINDUNG<\/h5>\n\n\n\n<p>Wir bieten Brosch\u00fcrenbindungen im Digitaldruck und im Offsetdruck an.<br>Brosch\u00fcren heften und falzen auf Endformat DIN A4 \/ DIN A5<\/p>\n\n\n\n<h5 class=\"wp-block-heading\">POPUL\u00c4R: RINGBINDUNGEN AUS KUNSTSTOFF ODER METALL<\/h5>\n\n\n\n<p>Genau die richtige Bindung f\u00fcr Hausarbeiten, Projektarbeiten oder Gebrauchsanleitungen. Dabei werden die Papierb\u00f6gen seitlich gestanzt und, erg\u00e4nzt um ein Deck- und R\u00fcckenblatt aus Folie oder Karton, mit einer Metall- oder Kunststoffspirale verschlossen.<\/p>\n\n\n\n<h5 class=\"wp-block-heading\">ORDENTLICH UND SCHNELL: DIE BUCHBINDUNG<\/h5>\n\n\n\n<p>Buchbindemappen werden in DIN A4 als Soft- und Hardcover-Version angeboten.<\/p>\n\n\n\n<h5 class=\"wp-block-heading\">HANDWERKLICH WERTVOLL: DIE LEIMBINDUNG<\/h5>\n\n\n\n<p>Die Leimbindung muss, bis der verwendete Buchleim vollst\u00e4ndig getrocknet ist, etwa sechs Stunden trocknen, ist daf\u00fcr aber zuverl\u00e4ssig haltbar. Wir binden Ihre Studien- Schul und Bachelorarbeiten. Wir bieten Ihnen hierf\u00fcr eine gro\u00dfe Auswahl an verschiedenen Bindungsarten und beraten Sie gerne direkt vor Ort. Unsere langj\u00e4hrige Erfahrung hilft uns Ihre individuellen Vorstellungen zu verwirklichen.<\/p>\n\n\n\n<ul>\n<li>Soft- &amp; Hardcoverbindung<\/li>\n\n\n\n<li>Drahtbindung<\/li>\n\n\n\n<li>Plastik-Spiralbindung (Wiederverschlie\u00dfbar)<\/li>\n\n\n\n<li>Thermobindung Fastback<\/li>\n\n\n\n<li>Abschlussarbeiten \/ Dissertationen<\/li>\n<\/ul>\n","protected":false},"excerpt":{"rendered":"<p>SCHNELL UND EINFACH: HEFTEN, LOCHEN UND KLEMMEN. Wir bieten zahlreiche Bindungsarten an, mit denen Sie ein \u201eordentliches\u201c Produkt erstellen k\u00f6nnen. Schnell und einfach: heften, lochen und klemmen.F\u00fcr Papierformate DIN A4 | DIN A3 KOMPLEXER: DIE BROSCH\u00dcRENBINDUNG Wir bieten Brosch\u00fcrenbindungen im Digitaldruck und im Offsetdruck an.Brosch\u00fcren heften und falzen auf Endformat DIN A4 \/ DIN A5 &hellip; <a href=\"https:\/\/soworka.de\/?page_id=68\" class=\"more-link\"><span class=\"screen-reader-text\">\u201eBindungen\u201c<\/span> weiterlesen<\/a><\/p>\n","protected":false},"author":1,"featured_media":0,"parent":0,"menu_order":0,"comment_status":"closed","ping_status":"closed","template":"","meta":{"footnotes":""},"_links":{"self":[{"href":"https:\/\/soworka.de\/index.php?rest_route=\/wp\/v2\/pages\/68"}],"collection":[{"href":"https:\/\/soworka.de\/index.php?rest_route=\/wp\/v2\/pages"}],"about":[{"href":"https:\/\/soworka.de\/index.php?rest_route=\/wp\/v2\/types\/page"}],"author":[{"embeddable":true,"href":"https:\/\/soworka.de\/index.php?rest_route=\/wp\/v2\/users\/1"}],"replies":[{"embeddable":true,"href":"https:\/\/soworka.de\/index.php?rest_route=%2Fwp%2Fv2%2Fcomments&post=68"}],"version-history":[{"count":2,"href":"https:\/\/soworka.de\/index.php?rest_route=\/wp\/v2\/pages\/68\/revisions"}],"predecessor-version":[{"id":162,"href":"https:\/\/soworka.de\/index.php?rest_route=\/wp\/v2\/pages\/68\/revisions\/162"}],"wp:attachment":[{"href":"https:\/\/soworka.de\/index.php?rest_route=%2Fwp%2Fv2%2Fmedia&parent=68"}],"curies":[{"name":"wp","href":"https:\/\/api.w.org\/{rel}","templated":true}]}}