{"id":88,"date":"2023-10-30T15:36:48","date_gmt":"2023-10-30T15:36:48","guid":{"rendered":"https:\/\/soworka.de\/?page_id=88"},"modified":"2023-10-30T15:36:48","modified_gmt":"2023-10-30T15:36:48","slug":"leasing-vermietung","status":"publish","type":"page","link":"https:\/\/soworka.de\/?page_id=88","title":{"rendered":"Leasing &amp; Vermietung"},"content":{"rendered":"\n<h5 class=\"wp-block-heading\"><strong>Drucker Leasen oder mieten statt kaufen!<\/strong><\/h5>\n\n\n\n<p>Einen Drucker mieten, das ist heute eine angenehme Sache, wenn Sie unseren Service nutzen. Einen Drucker oder einen Kopierer leasen, stellt eine moderne Option dar, die f\u00fcr Sie kaum Verpflichtungen mit sich bringt, aber viele Vorteile der Wartung und eines m\u00f6glichen Austausches. Ob Sie einen Kopierer mieten m\u00f6chten oder einen Gro\u00dfformatdrucker mieten oder leasen, wir finden f\u00fcr jeden Anspruch und Bedarf eine geeignete Option.<\/p>\n\n\n\n<h5 class=\"wp-block-heading\">Die Vorteile des Leasing liegen klar auf der Hand:<\/h5>\n\n\n\n<ul>\n<li>Verbrauchsmaterialien frei Haus<\/li>\n\n\n\n<li>Unn\u00f6tige Kapitalbindungen<\/li>\n\n\n\n<li>Bedarfsgerechte Versorgung<\/li>\n\n\n\n<li>Seitenpreisabrechnung<\/li>\n\n\n\n<li>Service und die Wartung<\/li>\n\n\n\n<li>Entlasten der Mitarbeiter<\/li>\n\n\n\n<li>Leasingraten 100% abzugsf\u00e4hig<\/li>\n\n\n\n<li>Planungssicherheit<\/li>\n\n\n\n<li>Aktuelle Modelle<\/li>\n\n\n\n<li>Bilanzneutralit\u00e4t<\/li>\n<\/ul>\n\n\n\n<p>Lassen sie sich von uns vor Ort beraten und ein Individuelles, auf Ihr Unternehmen zugeschnittenes, Angebot erstellen.<\/p>\n","protected":false},"excerpt":{"rendered":"<p>Drucker Leasen oder mieten statt kaufen! Einen Drucker mieten, das ist heute eine angenehme Sache, wenn Sie unseren Service nutzen. Einen Drucker oder einen Kopierer leasen, stellt eine moderne Option dar, die f\u00fcr Sie kaum Verpflichtungen mit sich bringt, aber viele Vorteile der Wartung und eines m\u00f6glichen Austausches. Ob Sie einen Kopierer mieten m\u00f6chten oder &hellip; <a href=\"https:\/\/soworka.de\/?page_id=88\" class=\"more-link\"><span class=\"screen-reader-text\">\u201eLeasing &amp; Vermietung\u201c<\/span> weiterlesen<\/a><\/p>\n","protected":false},"author":1,"featured_media":0,"parent":0,"menu_order":0,"comment_status":"closed","ping_status":"closed","template":"","meta":{"footnotes":""},"_links":{"self":[{"href":"https:\/\/soworka.de\/index.php?rest_route=\/wp\/v2\/pages\/88"}],"collection":[{"href":"https:\/\/soworka.de\/index.php?rest_route=\/wp\/v2\/pages"}],"about":[{"href":"https:\/\/soworka.de\/index.php?rest_route=\/wp\/v2\/types\/page"}],"author":[{"embeddable":true,"href":"https:\/\/soworka.de\/index.php?rest_route=\/wp\/v2\/users\/1"}],"replies":[{"embeddable":true,"href":"https:\/\/soworka.de\/index.php?rest_route=%2Fwp%2Fv2%2Fcomments&post=88"}],"version-history":[{"count":1,"href":"https:\/\/soworka.de\/index.php?rest_route=\/wp\/v2\/pages\/88\/revisions"}],"predecessor-version":[{"id":89,"href":"https:\/\/soworka.de\/index.php?rest_route=\/wp\/v2\/pages\/88\/revisions\/89"}],"wp:attachment":[{"href":"https:\/\/soworka.de\/index.php?rest_route=%2Fwp%2Fv2%2Fmedia&parent=88"}],"curies":[{"name":"wp","href":"https:\/\/api.w.org\/{rel}","templated":true}]}}