{"id":90,"date":"2023-10-30T15:41:37","date_gmt":"2023-10-30T15:41:37","guid":{"rendered":"https:\/\/soworka.de\/?page_id=90"},"modified":"2023-12-19T07:15:15","modified_gmt":"2023-12-19T07:15:15","slug":"service-wartung","status":"publish","type":"page","link":"https:\/\/soworka.de\/?page_id=90","title":{"rendered":"Service &amp; Wartung"},"content":{"rendered":"\n<h5 class=\"wp-block-heading\">Wir warten alle g\u00e4ngigen Kopierer \u2013 Drucker<\/h5>\n\n\n\n<ul>\n<li>RICOH<\/li>\n\n\n\n<li>SHARP<\/li>\n\n\n\n<li>DEVELOP<\/li>\n\n\n\n<li>KYOCERA<\/li>\n\n\n\n<li>HP<\/li>\n\n\n\n<li>OKI<\/li>\n\n\n\n<li>BROTHER<\/li>\n\n\n\n<li>SAMSUNG<\/li>\n<\/ul>\n\n\n\n<p>Die h\u00e4ufigsten Druckprobleme entstehen durch mangelnde Wartung &amp; Reinigung eines Ger\u00e4tes. Unser Service hilft Ihnen Ihr Ger\u00e4t noch m\u00f6glichst lange und effektiv zu nutzen. Nutzen sie unsere Kontakt-Funktion um pers\u00f6nlich bei Ihrem Anliegen beraten zu werden.<\/p>\n\n\n\n<ul>\n<li>Einrichtung von Kopierer \u2013 Drucker<\/li>\n\n\n\n<li>Papierstau beheben<\/li>\n\n\n\n<li>Wartung oder Austausch von Trommel sowie Fixiereinheiten oder Transferwalzen<\/li>\n\n\n\n<li>Fehler in der Elektronik<\/li>\n\n\n\n<li>Beseitigung von Druckfehlern<\/li>\n\n\n\n<li>Reparatur &amp; Austausch fehlerhafter Komponenten<\/li>\n\n\n\n<li>Fehler in der Software<\/li>\n\n\n\n<li>Austausch von Verschlei\u00dfteilen<\/li>\n<\/ul>\n\n\n\n<figure class=\"wp-block-image size-full\"><img decoding=\"async\" loading=\"lazy\" width=\"683\" height=\"1024\" src=\"https:\/\/soworka.de\/wp-content\/uploads\/2023\/12\/ServiceWartung.jpeg\" alt=\"Soworka Service und Wartung\" class=\"wp-image-171\" srcset=\"https:\/\/soworka.de\/wp-content\/uploads\/2023\/12\/ServiceWartung.jpeg 683w, https:\/\/soworka.de\/wp-content\/uploads\/2023\/12\/ServiceWartung-200x300.jpeg 200w\" sizes=\"(max-width: 683px) 85vw, 683px\" \/><figcaption class=\"wp-element-caption\">Soworka Service und Wartung<\/figcaption><\/figure>\n","protected":false},"excerpt":{"rendered":"<p>Wir warten alle g\u00e4ngigen Kopierer \u2013 Drucker Die h\u00e4ufigsten Druckprobleme entstehen durch mangelnde Wartung &amp; Reinigung eines Ger\u00e4tes. Unser Service hilft Ihnen Ihr Ger\u00e4t noch m\u00f6glichst lange und effektiv zu nutzen. Nutzen sie unsere Kontakt-Funktion um pers\u00f6nlich bei Ihrem Anliegen beraten zu werden.<\/p>\n","protected":false},"author":1,"featured_media":0,"parent":0,"menu_order":0,"comment_status":"closed","ping_status":"closed","template":"","meta":{"footnotes":""},"_links":{"self":[{"href":"https:\/\/soworka.de\/index.php?rest_route=\/wp\/v2\/pages\/90"}],"collection":[{"href":"https:\/\/soworka.de\/index.php?rest_route=\/wp\/v2\/pages"}],"about":[{"href":"https:\/\/soworka.de\/index.php?rest_route=\/wp\/v2\/types\/page"}],"author":[{"embeddable":true,"href":"https:\/\/soworka.de\/index.php?rest_route=\/wp\/v2\/users\/1"}],"replies":[{"embeddable":true,"href":"https:\/\/soworka.de\/index.php?rest_route=%2Fwp%2Fv2%2Fcomments&post=90"}],"version-history":[{"count":2,"href":"https:\/\/soworka.de\/index.php?rest_route=\/wp\/v2\/pages\/90\/revisions"}],"predecessor-version":[{"id":172,"href":"https:\/\/soworka.de\/index.php?rest_route=\/wp\/v2\/pages\/90\/revisions\/172"}],"wp:attachment":[{"href":"https:\/\/soworka.de\/index.php?rest_route=%2Fwp%2Fv2%2Fmedia&parent=90"}],"curies":[{"name":"wp","href":"https:\/\/api.w.org\/{rel}","templated":true}]}}