{"id":92,"date":"2023-10-30T15:43:51","date_gmt":"2023-10-30T15:43:51","guid":{"rendered":"https:\/\/soworka.de\/?page_id=92"},"modified":"2023-12-19T07:12:23","modified_gmt":"2023-12-19T07:12:23","slug":"toner-tinte-buerobedarf","status":"publish","type":"page","link":"https:\/\/soworka.de\/?page_id=92","title":{"rendered":"Toner-Tinte-B\u00fcrobedarf"},"content":{"rendered":"\n<p>Wir verkaufen nicht nur Tinten, Toner, Original oder Rebuilt, wir verstehen die Bed\u00fcrfnisse unserer Kunden und entwickeln gemeinsam mit ihnen L\u00f6sungen f\u00fcr eine partnerschaftliche Zusammenarbeit. Mit Rebuilt oder Kompatiben Produkten ist m\u00f6glich bis zu 70% ohne Qualit\u00e4t Verluste bei uns g\u00fcnstig Einzukaufen. Der pers\u00f6nliche Kontakt zu unseren Kunden ist f\u00fcr uns dabei selbstverst\u00e4ndlich.<\/p>\n\n\n\n<figure class=\"wp-block-image size-full\"><img decoding=\"async\" loading=\"lazy\" width=\"1023\" height=\"645\" src=\"https:\/\/soworka.de\/wp-content\/uploads\/2023\/12\/material.jpeg\" alt=\"Soworka - Toner und B\u00fcrobedarf\" class=\"wp-image-167\" srcset=\"https:\/\/soworka.de\/wp-content\/uploads\/2023\/12\/material.jpeg 1023w, https:\/\/soworka.de\/wp-content\/uploads\/2023\/12\/material-300x189.jpeg 300w, https:\/\/soworka.de\/wp-content\/uploads\/2023\/12\/material-768x484.jpeg 768w\" sizes=\"(max-width: 709px) 85vw, (max-width: 909px) 67vw, (max-width: 1362px) 62vw, 840px\" \/><figcaption class=\"wp-element-caption\">Soworka &#8211; Toner und B\u00fcrobedarf<\/figcaption><\/figure>\n\n\n\n<p>Wir bieten eine gro\u00dfe Auswahl an innovativen Rebuilt-Produkten. Die neu eingesetzten Komponenten stammen nicht vom Original (OEM), sondern von unabh\u00e4ngigen Herstellern.<\/p>\n\n\n\n<p>B\u00fcrosysteme Soworka bietet Ihnen eine gro\u00dfe und umfangreiche Auswahl f\u00fcr Ihren B\u00fcrobedarf. Auch spezifische W\u00fcnsche wie:<\/p>\n\n\n\n<ul>\n<li>Kopierpapier<\/li>\n\n\n\n<li>Toner<\/li>\n\n\n\n<li>Tinte<\/li>\n\n\n\n<li>Kassenpapierrollen<\/li>\n\n\n\n<li>Stempelkissen<\/li>\n\n\n\n<li>Registerkarten<\/li>\n<\/ul>\n\n\n\n<p>Wir beraten Sie gerne. Zudem k\u00f6nnen wir Ihnen mithilfe unserer Partner ein gro\u00dfes Produktspektrum bieten.<\/p>\n\n\n\n<ul>\n<li>Fine-Liner \/ Kugelschreiber \/ Bleistifte<\/li>\n\n\n\n<li>Textmarker<\/li>\n\n\n\n<li>Permanent Marker<\/li>\n\n\n\n<li>Folienstifte<\/li>\n\n\n\n<li>Bewerbungsmappen<\/li>\n\n\n\n<li>Ordner<\/li>\n\n\n\n<li>Tacker- \/ Stempelsets<\/li>\n\n\n\n<li>B\u00fcroklammern<\/li>\n\n\n\n<li>Post-It\u00b4s<\/li>\n\n\n\n<li>Umschl\u00e4ge in allen g\u00e4ngigen Gr\u00f6\u00dfen<\/li>\n\n\n\n<li>Kassenpapiere ( Papierrollen )<\/li>\n\n\n\n<li>Druckerpatronen f\u00fcr alle g\u00e4ngigen Modelle<\/li>\n<\/ul>\n","protected":false},"excerpt":{"rendered":"<p>Wir verkaufen nicht nur Tinten, Toner, Original oder Rebuilt, wir verstehen die Bed\u00fcrfnisse unserer Kunden und entwickeln gemeinsam mit ihnen L\u00f6sungen f\u00fcr eine partnerschaftliche Zusammenarbeit. Mit Rebuilt oder Kompatiben Produkten ist m\u00f6glich bis zu 70% ohne Qualit\u00e4t Verluste bei uns g\u00fcnstig Einzukaufen. Der pers\u00f6nliche Kontakt zu unseren Kunden ist f\u00fcr uns dabei selbstverst\u00e4ndlich. Wir bieten &hellip; <a href=\"https:\/\/soworka.de\/?page_id=92\" class=\"more-link\"><span class=\"screen-reader-text\">\u201eToner-Tinte-B\u00fcrobedarf\u201c<\/span> weiterlesen<\/a><\/p>\n","protected":false},"author":1,"featured_media":0,"parent":0,"menu_order":0,"comment_status":"closed","ping_status":"closed","template":"","meta":{"footnotes":""},"_links":{"self":[{"href":"https:\/\/soworka.de\/index.php?rest_route=\/wp\/v2\/pages\/92"}],"collection":[{"href":"https:\/\/soworka.de\/index.php?rest_route=\/wp\/v2\/pages"}],"about":[{"href":"https:\/\/soworka.de\/index.php?rest_route=\/wp\/v2\/types\/page"}],"author":[{"embeddable":true,"href":"https:\/\/soworka.de\/index.php?rest_route=\/wp\/v2\/users\/1"}],"replies":[{"embeddable":true,"href":"https:\/\/soworka.de\/index.php?rest_route=%2Fwp%2Fv2%2Fcomments&post=92"}],"version-history":[{"count":2,"href":"https:\/\/soworka.de\/index.php?rest_route=\/wp\/v2\/pages\/92\/revisions"}],"predecessor-version":[{"id":168,"href":"https:\/\/soworka.de\/index.php?rest_route=\/wp\/v2\/pages\/92\/revisions\/168"}],"wp:attachment":[{"href":"https:\/\/soworka.de\/index.php?rest_route=%2Fwp%2Fv2%2Fmedia&parent=92"}],"curies":[{"name":"wp","href":"https:\/\/api.w.org\/{rel}","templated":true}]}}